{"id":1300,"date":"2024-12-31T09:59:31","date_gmt":"2024-12-31T08:59:31","guid":{"rendered":"http:\/\/felizing.com\/?page_id=1300"},"modified":"2026-03-09T13:05:46","modified_gmt":"2026-03-09T12:05:46","slug":"cookie-policy","status":"publish","type":"page","link":"https:\/\/felizing.com\/en\/politica-de-cookies\/","title":{"rendered":"Cookie Policy"},"content":{"rendered":"<div data-elementor-type=\"wp-page\" data-elementor-id=\"1300\" class=\"elementor elementor-1300\" data-elementor-post-type=\"page\">\n\t\t\t\t<div class=\"elementor-element elementor-element-ed30b20 e-flex e-con-boxed e-con e-parent\" data-id=\"ed30b20\" data-element_type=\"container\" data-e-type=\"container\" data-settings=\"{&quot;background_background&quot;:&quot;classic&quot;}\">\n\t\t\t\t\t<div class=\"e-con-inner\">\n\t\t<div class=\"elementor-element elementor-element-9ecbf62 e-con-full elementor-hidden-mobile e-flex e-con e-child\" data-id=\"9ecbf62\" data-element_type=\"container\" data-e-type=\"container\">\n\t\t\t\t<div class=\"elementor-element elementor-element-c87e8f7 elementor-widget elementor-widget-text-editor\" data-id=\"c87e8f7\" data-element_type=\"widget\" data-e-type=\"widget\" data-widget_type=\"text-editor.default\">\n\t\t\t\t<div class=\"elementor-widget-container\">\n\t\t\t\t\t\t\t\t\t<p><b>INFORMATION ABOUT COOKIES<\/b><\/p><p><span style=\"font-weight: 400;\">In accordance with Law 34\/2002, of July 11, on Information Society Services and Electronic Commerce (LSSI), in relation to Regulation (EU) 2016\/679 of the European Parliament and of the Council, of April 27, 2016, General Data Protection Regulation (GDPR) and Organic Law 3\/2018, of December 5, on Data Protection and Guarantee of Digital Rights (LOPDGDD), it is mandatory to obtain the express consent of the user of all web pages that use non-essential cookies, before the user browses them.<\/span><\/p><p><b>WHAT ARE COOKIES?<\/b><\/p><p><span style=\"font-weight: 400;\">The <\/span><i><span style=\"font-weight: 400;\">cookies <\/span><\/i><span style=\"font-weight: 400;\">and other similar technologies such as local shared objects, flash <\/span><i><span style=\"font-weight: 400;\">cookies <\/span><\/i><span style=\"font-weight: 400;\">or pixels, are tools used by web servers to store and retrieve information about their visitors, as well as to ensure the proper functioning of the site.<\/span><\/p><p><span style=\"font-weight: 400;\">By using these devices, the web server is able to remember certain data concerning the user, such as their preferences for viewing the pages of that server, name and password, products that interest them most, etc.<\/span><\/p><p><b><i>COOKIES <\/i><\/b><b>COOKIES AFFECTED BY REGULATIONS AND EXEMPT COOKIES<\/b><\/p><p><span style=\"font-weight: 400;\">According to the EU directive, the <\/span><i><span style=\"font-weight: 400;\">cookies <\/span><\/i><span style=\"font-weight: 400;\">that require informed consent from the user are the <\/span><i><span style=\"font-weight: 400;\">cookies <\/span><\/i><span style=\"font-weight: 400;\">analytics and advertising and affiliate cookies are excluded, except for technical cookies and those necessary for the operation of the website or the provision of services expressly requested by the user.<\/span><\/p><p><b>TYPES OF COOKIES<\/b><\/p><p><b>ACCORDING TO THE PURPOSE<\/b><\/p><ul><li style=\"font-weight: 400;\" aria-level=\"1\"><b><i>Cookies <\/i><\/b><b>technical and functional<\/b><span style=\"font-weight: 400;\">These are cookies that allow the user to navigate through a website, platform or application and use the different options or services that exist on it.<\/span><i><span style=\"font-weight: 400;\">.<\/span><\/i><\/li><li style=\"font-weight: 400;\" aria-level=\"1\"><b><i>Cookies <\/i><\/b><b>analytics<\/b><span style=\"font-weight: 400;\">These are cookies that allow the website owner to track and analyze the behavior of users on the websites to which they are linked. The information collected through these cookies <\/span><i><span style=\"font-weight: 400;\">cookies<\/span><\/i><span style=\"font-weight: 400;\"> It is used to measure the activity of websites, applications or platforms and to create browsing profiles of users of said sites, applications and platforms, in order to introduce improvements based on the analysis of the usage data made by users of the service.<\/span><\/li><li style=\"font-weight: 400;\" aria-level=\"1\"><b><i>Cookies<\/i><\/b> <b>advertising:<\/b><span style=\"font-weight: 400;\"> These are those that allow the most efficient management of advertising spaces that the publisher may have included on a website, application or platform from which the requested service is provided, based on criteria such as the content published or the frequency with which the ads are displayed.<\/span><\/li><li style=\"font-weight: 400;\" aria-level=\"1\"><b><i>Cookies <\/i><\/b><b>behavioral advertising<\/b><span style=\"font-weight: 400;\">: collect information about the user&#039;s personal preferences and choices (<\/span><i><span style=\"font-weight: 400;\">retargeting<\/span><\/i><span style=\"font-weight: 400;\">) to allow the most efficient management of the advertising spaces that the publisher may have included on a website, application or platform from which it provides the requested service.<\/span><\/li><li style=\"font-weight: 400;\" aria-level=\"1\"><b><i>Cookies <\/i><\/b><b>social<\/b><span style=\"font-weight: 400;\">These cookies are set by social media platforms on their services to allow you to share content with your friends and networks. Social media platforms have the ability to track your online activity outside of their services. This may affect the content and messages you see on other services you visit.<\/span><\/li><li style=\"font-weight: 400;\" aria-level=\"1\"><b><i>Cookies <\/i><\/b><b>of members<\/b><span style=\"font-weight: 400;\">: allow tracking of visits from other websites, with which the website establishes an affiliate agreement (affiliate companies).<\/span><\/li><li style=\"font-weight: 400;\" aria-level=\"1\"><b><i>Cookies <\/i><\/b><b>security<\/b><span style=\"font-weight: 400;\">They store encrypted information to prevent the data stored in them from being vulnerable to malicious attacks from third parties.<\/span><\/li><\/ul><p><b>ACCORDING TO THE PROPERTY<\/b><\/p><ul><li style=\"font-weight: 400;\" aria-level=\"1\"><b><i>Cookies<\/i><\/b><b> own<\/b><span style=\"font-weight: 400;\">These are those that are sent to the user&#039;s terminal equipment from a computer or domain managed by the publisher itself and from which the service requested by the user is provided.<\/span><\/li><li style=\"font-weight: 400;\" aria-level=\"1\"><b><i>Cookies<\/i><\/b> <b>from third parties:<\/b><span style=\"font-weight: 400;\"> These are those that are sent to the user&#039;s terminal equipment from a computer or domain that is not managed by the publisher, but by another entity that processes the data obtained through the cookies.<\/span><\/li><\/ul><p><b>ACCORDING TO THE STORAGE PERIOD<\/b><\/p><ul><li style=\"font-weight: 400;\" aria-level=\"1\"><b><i>Cookies<\/i><\/b><b> session:<\/b><span style=\"font-weight: 400;\"> They are a type of <\/span><i><span style=\"font-weight: 400;\">cookies<\/span><\/i><span style=\"font-weight: 400;\"> designed to collect and store data while the user accesses a web page.<\/span><\/li><li style=\"font-weight: 400;\" aria-level=\"1\"><b><i>Cookies<\/i><\/b><b> persistent:<\/b><span style=\"font-weight: 400;\"> They are a type of cookie where the data remains stored on the device and can be accessed and processed for a period defined by the data controller. <\/span><i><span style=\"font-weight: 400;\">cookie<\/span><\/i><span style=\"font-weight: 400;\">, and that can range from a few minutes to several years.<\/span><\/li><\/ul><p><b>PROCESSING OF PERSONAL DATA<\/b><\/p><p><span style=\"font-weight: 400;\">GL\u00d2RIA FORNS RODRIGUEZ is the <\/span><b>Data Controller<\/b><span style=\"font-weight: 400;\"> of the personal data of <\/span><b>Interested <\/b><span style=\"font-weight: 400;\">and informs you that this data will be processed in accordance with the provisions of Regulation (EU) 2016\/679 of 27 April 2016 (GDPR), and therefore provides you with the following information on the processing:<\/span><\/p><p><b>Purpose of treatment: <\/b><span style=\"font-weight: 400;\">as specified in the section on <\/span><i><span style=\"font-weight: 400;\">cookies <\/span><\/i><span style=\"font-weight: 400;\">that are used on this website.<\/span><\/p><p><b>Legitimization of the processing<\/b><span style=\"font-weight: 400;\">: except in cases where it is necessary for browsing the web, with the consent of the interested party (art. 6.1.a GDPR).<\/span><\/p><p><b>Data retention criteria<\/b><span style=\"font-weight: 400;\">: as specified in the section on <\/span><i><span style=\"font-weight: 400;\">cookies <\/span><\/i><span style=\"font-weight: 400;\">used on the web.<\/span><\/p><p><b>Communication of data<\/b><span style=\"font-weight: 400;\">Data will not be communicated to third parties, except for cookies owned by third parties or when legally required.<\/span><\/p><p><b>Rights of the Interested Party<\/b><span style=\"font-weight: 400;\">:<\/span><\/p><p><span style=\"font-weight: 400;\">\u2013 Right to withdraw consent at any time.<\/span><\/p><p><span style=\"font-weight: 400;\">\u2013 Right of access, rectification, portability and erasure of your data, and to limit or oppose its processing.<\/span><\/p><p><span style=\"font-weight: 400;\">\u2013 Right to lodge a complaint with the Supervisory Authority (www.aepd.es) if you believe that the processing does not comply with current regulations.<\/span><\/p><p><b>Contact information to exercise your rights:<\/b><\/p><p><span style=\"font-weight: 400;\">GL\u00d2RIA FORNS RODRIGUEZ. C\/ Sant Raimon de Penyafort, 27, \u2013 08720 Vilafranca del Pened\u00e8s (Barcelona). Email: hello@felizing.com<\/span><\/p><p><span style=\"font-weight: 400;\">\u00a0<\/span><\/p><p><span style=\"font-weight: 400;\">\u00a0<\/span><\/p><p><b>COOKIES USED ON THIS WEBSITE<\/b><\/p><h4><b>COOKIES CONTROLLED BY THE PUBLISHER<\/b><\/h4><h4><b>Technical and functional<\/b><\/h4><table><thead><tr><th><p><span style=\"font-weight: 400;\">Property<\/span><\/p><\/th><th><p><span style=\"font-weight: 400;\">Cookie<\/span><\/p><\/th><th><p><span style=\"font-weight: 400;\">Purpose<\/span><\/p><\/th><th><p><span style=\"font-weight: 400;\">Term<\/span><\/p><\/th><\/tr><\/thead><tbody><tr><td><p><span style=\"font-weight: 400;\">felizing.com<\/span><\/p><\/td><td><p><b>_ga_K47EPMNYRY<\/b><\/p><\/td><td><p><span style=\"font-weight: 400;\">Cookie required for the use of the website&#039;s options and services<\/span><\/p><\/td><td><p><span style=\"font-weight: 400;\">in one year<\/span><\/p><\/td><\/tr><tr><td><p><span style=\"font-weight: 400;\">felizing.com<\/span><\/p><\/td><td><p><b>_UserReference<\/b><\/p><\/td><td><p><span style=\"font-weight: 400;\">Cookie required for the use of the website&#039;s options and services<\/span><\/p><\/td><td><p><span style=\"font-weight: 400;\">in 7 days<\/span><\/p><\/td><\/tr><tr><td><p><span style=\"font-weight: 400;\">felizing.com<\/span><\/p><\/td><td><p><b>cmplz_banner-status<\/b><\/p><\/td><td><p><span style=\"font-weight: 400;\">Cookie required for the use of the website&#039;s options and services<\/span><\/p><\/td><td><p><span style=\"font-weight: 400;\">in one year<\/span><\/p><\/td><\/tr><tr><td><p><span style=\"font-weight: 400;\">felizing.com<\/span><\/p><\/td><td><p><b>cmplz_consented_services<\/b><\/p><\/td><td><p><span style=\"font-weight: 400;\">Cookie required for the use of the website&#039;s options and services<\/span><\/p><\/td><td><p><span style=\"font-weight: 400;\">in one year<\/span><\/p><\/td><\/tr><tr><td><p><span style=\"font-weight: 400;\">felizing.com<\/span><\/p><\/td><td><p><b>cmplz_functional<\/b><\/p><\/td><td><p><span style=\"font-weight: 400;\">Cookie required for the use of the website&#039;s options and services<\/span><\/p><\/td><td><p><span style=\"font-weight: 400;\">in one year<\/span><\/p><\/td><\/tr><tr><td><p><span style=\"font-weight: 400;\">felizing.com<\/span><\/p><\/td><td><p><b>cmplz_marketing<\/b><\/p><\/td><td><p><span style=\"font-weight: 400;\">Cookie required for the use of the website&#039;s options and services<\/span><\/p><\/td><td><p><span style=\"font-weight: 400;\">in one year<\/span><\/p><\/td><\/tr><tr><td><p><span style=\"font-weight: 400;\">felizing.com<\/span><\/p><\/td><td><p><b>cmplz_policy_id<\/b><\/p><\/td><td><p><span style=\"font-weight: 400;\">Cookie required for the use of the website&#039;s options and services<\/span><\/p><\/td><td><p><span style=\"font-weight: 400;\">in one year<\/span><\/p><\/td><\/tr><tr><td><p><span style=\"font-weight: 400;\">felizing.com<\/span><\/p><\/td><td><p><b>cmplz_preferences<\/b><\/p><\/td><td><p><span style=\"font-weight: 400;\">Cookie required for the use of the website&#039;s options and services<\/span><\/p><\/td><td><p><span style=\"font-weight: 400;\">in one year<\/span><\/p><\/td><\/tr><tr><td><p><span style=\"font-weight: 400;\">felizing.com<\/span><\/p><\/td><td><p><b>cmplz_statistics<\/b><\/p><\/td><td><p><span style=\"font-weight: 400;\">Cookie required for the use of the website&#039;s options and services<\/span><\/p><\/td><td><p><span style=\"font-weight: 400;\">in one year<\/span><\/p><\/td><\/tr><tr><td><p><span style=\"font-weight: 400;\">google.com<\/span><\/p><\/td><td><p><b>AEC<\/b><\/p><\/td><td><p><span style=\"font-weight: 400;\">Cookie required for the use of the website&#039;s options and services<\/span><\/p><\/td><td><p><span style=\"font-weight: 400;\">in 6 months<\/span><\/p><\/td><\/tr><tr><td><p><span style=\"font-weight: 400;\">google.com<\/span><\/p><\/td><td><p><b>SOCS<\/b><\/p><\/td><td><p><span style=\"font-weight: 400;\">Cookie required for the use of the website&#039;s options and services<\/span><\/p><\/td><td><p><span style=\"font-weight: 400;\">in 6 months<\/span><\/p><\/td><\/tr><tr><td><p><span style=\"font-weight: 400;\">region1.google-analytics.com<\/span><\/p><\/td><td><p><b>ar_debug<\/b><\/p><\/td><td><p><span style=\"font-weight: 400;\">Cookie required for the use of the website&#039;s options and services<\/span><\/p><\/td><td><p><span style=\"font-weight: 400;\">in a month<\/span><\/p><\/td><\/tr><\/tbody><\/table><h4><b>Analytics<\/b><\/h4><table><thead><tr><th><p><span style=\"font-weight: 400;\">Property<\/span><\/p><\/th><th><p><span style=\"font-weight: 400;\">Cookie<\/span><\/p><\/th><th><p><span style=\"font-weight: 400;\">Purpose<\/span><\/p><\/th><th><p><span style=\"font-weight: 400;\">Term<\/span><\/p><\/th><\/tr><\/thead><tbody><tr><td><p><span style=\"font-weight: 400;\">Google Analytics<\/span><\/p><\/td><td><p><b>_ga<\/b><\/p><\/td><td><p><span style=\"font-weight: 400;\">ID is used to identify users<\/span><\/p><\/td><td><p><span style=\"font-weight: 400;\">in one year<\/span><\/p><\/td><\/tr><\/tbody><\/table><h4><b>Advertising<\/b><\/h4><table><thead><tr><th><p><span style=\"font-weight: 400;\">Property<\/span><\/p><\/th><th><p><span style=\"font-weight: 400;\">Cookie<\/span><\/p><\/th><th><p><span style=\"font-weight: 400;\">Purpose<\/span><\/p><\/th><th><p><span style=\"font-weight: 400;\">Term<\/span><\/p><\/th><\/tr><\/thead><tbody><tr><td><p><span style=\"font-weight: 400;\">Google<\/span><\/p><\/td><td><p><b>NID<\/b><\/p><\/td><td><p><span style=\"font-weight: 400;\">These cookies are used to collect website statistics and track conversion rates and Google ad personalization.<\/span><\/p><\/td><td><p><span style=\"font-weight: 400;\">in 7 months<\/span><\/p><\/td><\/tr><\/tbody><\/table><h4><b>THIRD-PARTY COOKIES<\/b><\/h4><p><span style=\"font-weight: 400;\">Third-party services are beyond the publisher&#039;s control. Providers may modify their terms of service, purpose, and use of cookies, etc., at any time.<\/span><\/p><p><b>Third-party providers of this website:<\/b><\/p><table><thead><tr><th><p><span style=\"font-weight: 400;\">Editor<\/span><\/p><\/th><th><p><span style=\"font-weight: 400;\">Privacy Policy<\/span><\/p><\/th><\/tr><\/thead><tbody><tr><td><p><span style=\"font-weight: 400;\">Google Analytics<\/span><\/p><\/td><td><p><a href=\"https:\/\/privacy.google.com\/take-control.html\" target=\"_blank\" rel=\"noopener\"><span style=\"font-weight: 400;\">https:\/\/privacy.google.com\/take-control.html<\/span><\/a><\/p><\/td><\/tr><tr><td><p><span style=\"font-weight: 400;\">Google<\/span><\/p><\/td><td><p><a href=\"https:\/\/privacy.google.com\/take-control.html\" target=\"_blank\" rel=\"noopener\"><span style=\"font-weight: 400;\">https:\/\/privacy.google.com\/take-control.html<\/span><\/a><\/p><\/td><\/tr><\/tbody><\/table><table><tbody><tr><td><p><b>COOKIE SETTINGS PANEL<\/b><\/p><\/td><\/tr><\/tbody><\/table><p><span style=\"font-weight: 400;\">From this panel you can configure the cookies that the website can install on your browser, except for technical or functional cookies that are necessary for browsing and using the different options or services offered.<\/span><\/p><p><a href=\"https:\/\/docs.google.com\/document\/d\/18d_XAspI1ICm8K-JO2J7qCiwiNqmAbKeRSqT8NgLgzc\/edit#bookmark=id.1onc2z3mdtu\" target=\"_blank\" rel=\"noopener\"><span style=\"font-weight: 400;\">Cookie panel<\/span><\/a><\/p><table><tbody><tr><td><p><b>HOW TO MANAGE COOKIES FROM YOUR BROWSER<\/b><\/p><\/td><\/tr><\/tbody><\/table><table><tbody><tr><td><p><b>Delete cookies from device<\/b><\/p><\/td><td><p><span style=\"font-weight: 400;\">Cookies that are already on a device can be removed by clearing the browser history, which deletes cookies from all visited websites.<\/span><\/p><p><span style=\"font-weight: 400;\">However, some saved information may also be lost (for example, login details or website preferences).<\/span><\/p><\/td><\/tr><tr><td><p><b>Manage site-specific cookies<\/b><\/p><\/td><td><p><span style=\"font-weight: 400;\">To have more precise control over site-specific cookies, users can adjust their privacy and cookie settings in their browser.<\/span><\/p><\/td><\/tr><tr><td><p><b>Block cookies<\/b><\/p><\/td><td><p><span style=\"font-weight: 400;\">Although most modern browsers can be configured to prevent cookies from being installed on devices, this may require manually adjusting certain preferences each time a site or page is visited. Additionally, some services and features may not function correctly (for example, profile logins).<\/span><\/p><\/td><\/tr><\/tbody><\/table><table><tbody><tr><td><p><b>HOW TO DELETE COOKIES FROM THE MOST COMMON BROWSERS<\/b><\/p><\/td><\/tr><\/tbody><\/table><table><tbody><tr><td><p><b>Chrome<\/b><\/p><\/td><td><p><a href=\"http:\/\/support.google.com\/chrome\/answer\/95647?hl=es\" target=\"_blank\" rel=\"noopener\"><span style=\"font-weight: 400;\">http:\/\/support.google.com\/chrome\/answer\/95647?hl=es<\/span><\/a><\/p><\/td><\/tr><tr><td><p><b>Edge<\/b><\/p><\/td><td><p><a href=\"https:\/\/support.microsoft.com\/es-es\/microsoft-edge\/eliminar-las-cookies-en-microsoft-edge-63947406-40ac-c3b8-57b9-2a946a29ae09\" target=\"_blank\" rel=\"noopener\"><span style=\"font-weight: 400;\">https:\/\/support.microsoft.com\/es-es\/microsoft-edge\/eliminar-las-cookies-en-microsoft-edge-63947406-40ac-c3b8-57b9-2a946a29ae09<\/span><\/a><\/p><\/td><\/tr><tr><td><p><b>Explorer<\/b><\/p><\/td><td><p><a href=\"https:\/\/support.microsoft.com\/es-es\/help\/278835\/how-to-delete-cookie-files-in-internet-explorer\" target=\"_blank\" rel=\"noopener\"><span style=\"font-weight: 400;\">https:\/\/support.microsoft.com\/es-es\/help\/278835\/how-to-delete-cookie-files-in-internet-explorer<\/span><\/a><\/p><\/td><\/tr><tr><td><p><b>Firefox<\/b><\/p><\/td><td><p><a href=\"https:\/\/www.mozilla.org\/es-ES\/privacy\/websites\/#cookies\" target=\"_blank\" rel=\"noopener\"><span style=\"font-weight: 400;\">https:\/\/www.mozilla.org\/es-ES\/privacy\/websites\/#cookies<\/span><\/a><\/p><\/td><\/tr><tr><td><p><b>Safari<\/b><\/p><\/td><td><p><a href=\"https:\/\/support.apple.com\/es-es\/guide\/safari\/sfri11471\/mac\" target=\"_blank\" rel=\"noopener\"><span style=\"font-weight: 400;\">https:\/\/support.apple.com\/es-es\/guide\/safari\/sfri11471\/mac<\/span><\/a><\/p><\/td><\/tr><tr><td><p><b>Opera<\/b><\/p><\/td><td><p><a href=\"https:\/\/help.opera.com\/en\/latest\/security-and-privacy\/#clearBrowsingData\" target=\"_blank\" rel=\"noopener\"><span style=\"font-weight: 400;\">https:\/\/help.opera.com\/en\/latest\/security-and-privacy\/#clearBrowsingData<\/span><\/a><\/p><\/td><\/tr><\/tbody><\/table>\t\t\t\t\t\t\t\t<\/div>\n\t\t\t\t<\/div>\n\t\t\t\t<div class=\"elementor-element elementor-element-2c2d126 elementor-hidden-desktop elementor-hidden-tablet elementor-hidden-mobile elementor-widget elementor-widget-html\" data-id=\"2c2d126\" data-element_type=\"widget\" data-e-type=\"widget\" data-widget_type=\"html.default\">\n\t\t\t\t<div class=\"elementor-widget-container\">\n\t\t\t\t\t<!-- Start CookieYes cookie policy -->\n<script id=\"cky-cookie-policy\" type=\"text\/javascript\" src=\"https:\/\/cdn-cookieyes.com\/client_data\/cd8aa8e0d4e748979151b5a7\/cookie-policy\/script.js\"><\/script>\n<!-- End CookieYes cookie policy -->\t\t\t\t<\/div>\n\t\t\t\t<\/div>\n\t\t\t\t<\/div>\n\t\t\t\t\t<\/div>\n\t\t\t\t<\/div>\n\t\t\t\t<\/div>","protected":false},"excerpt":{"rendered":"<p>INFORMACI\u00d3N SOBRE COOKIES Conforme con la Ley 34\/2002, de 11 de julio, de servicios de la sociedad de la informaci\u00f3n y de comercio electr\u00f3nico (LSSI), en relaci\u00f3n con el Reglamento (UE) 2016\/679 del Parlamento Europeo y del Consejo, de 27 de abril de 2016, General de Protecci\u00f3n de Datos (RGPD) y la Ley Org\u00e1nica 3\/2018, [&hellip;]<\/p>\n","protected":false},"author":1,"featured_media":0,"parent":0,"menu_order":0,"comment_status":"closed","ping_status":"closed","template":"","meta":{"site-sidebar-layout":"no-sidebar","site-content-layout":"page-builder","ast-site-content-layout":"full-width-container","site-content-style":"default","site-sidebar-style":"default","ast-global-header-display":"","ast-banner-title-visibility":"","ast-main-header-display":"","ast-hfb-above-header-display":"","ast-hfb-below-header-display":"","ast-hfb-mobile-header-display":"","site-post-title":"disabled","ast-breadcrumbs-content":"","ast-featured-img":"disabled","footer-sml-layout":"","ast-disable-related-posts":"","theme-transparent-header-meta":"","adv-header-id-meta":"","stick-header-meta":"","header-above-stick-meta":"","header-main-stick-meta":"","header-below-stick-meta":"","astra-migrate-meta-layouts":"set","ast-page-background-enabled":"default","ast-page-background-meta":{"desktop":{"background-color":"","background-image":"","background-repeat":"repeat","background-position":"center center","background-size":"auto","background-attachment":"scroll","background-type":"","background-media":"","overlay-type":"","overlay-color":"","overlay-opacity":"","overlay-gradient":""},"tablet":{"background-color":"","background-image":"","background-repeat":"repeat","background-position":"center center","background-size":"auto","background-attachment":"scroll","background-type":"","background-media":"","overlay-type":"","overlay-color":"","overlay-opacity":"","overlay-gradient":""},"mobile":{"background-color":"","background-image":"","background-repeat":"repeat","background-position":"center center","background-size":"auto","background-attachment":"scroll","background-type":"","background-media":"","overlay-type":"","overlay-color":"","overlay-opacity":"","overlay-gradient":""}},"ast-content-background-meta":{"desktop":{"background-color":"var(--ast-global-color-5)","background-image":"","background-repeat":"repeat","background-position":"center center","background-size":"auto","background-attachment":"scroll","background-type":"","background-media":"","overlay-type":"","overlay-color":"","overlay-opacity":"","overlay-gradient":""},"tablet":{"background-color":"var(--ast-global-color-5)","background-image":"","background-repeat":"repeat","background-position":"center center","background-size":"auto","background-attachment":"scroll","background-type":"","background-media":"","overlay-type":"","overlay-color":"","overlay-opacity":"","overlay-gradient":""},"mobile":{"background-color":"var(--ast-global-color-5)","background-image":"","background-repeat":"repeat","background-position":"center center","background-size":"auto","background-attachment":"scroll","background-type":"","background-media":"","overlay-type":"","overlay-color":"","overlay-opacity":"","overlay-gradient":""}},"footnotes":""},"class_list":["post-1300","page","type-page","status-publish","hentry"],"_links":{"self":[{"href":"https:\/\/felizing.com\/en\/wp-json\/wp\/v2\/pages\/1300","targetHints":{"allow":["GET"]}}],"collection":[{"href":"https:\/\/felizing.com\/en\/wp-json\/wp\/v2\/pages"}],"about":[{"href":"https:\/\/felizing.com\/en\/wp-json\/wp\/v2\/types\/page"}],"author":[{"embeddable":true,"href":"https:\/\/felizing.com\/en\/wp-json\/wp\/v2\/users\/1"}],"replies":[{"embeddable":true,"href":"https:\/\/felizing.com\/en\/wp-json\/wp\/v2\/comments?post=1300"}],"version-history":[{"count":25,"href":"https:\/\/felizing.com\/en\/wp-json\/wp\/v2\/pages\/1300\/revisions"}],"predecessor-version":[{"id":1866,"href":"https:\/\/felizing.com\/en\/wp-json\/wp\/v2\/pages\/1300\/revisions\/1866"}],"wp:attachment":[{"href":"https:\/\/felizing.com\/en\/wp-json\/wp\/v2\/media?parent=1300"}],"curies":[{"name":"wp","href":"https:\/\/api.w.org\/{rel}","templated":true}]}}