{"id":1285,"date":"2024-12-31T09:55:37","date_gmt":"2024-12-31T08:55:37","guid":{"rendered":"http:\/\/felizing.com\/?page_id=1285"},"modified":"2026-03-09T13:09:20","modified_gmt":"2026-03-09T12:09:20","slug":"legal-notice","status":"publish","type":"page","link":"https:\/\/felizing.com\/en\/aviso-legal\/","title":{"rendered":"Legal Notice"},"content":{"rendered":"<div data-elementor-type=\"wp-page\" data-elementor-id=\"1285\" class=\"elementor elementor-1285\" data-elementor-post-type=\"page\">\n\t\t\t\t<div class=\"elementor-element elementor-element-9bf2068 e-flex e-con-boxed e-con e-parent\" data-id=\"9bf2068\" data-element_type=\"container\" data-e-type=\"container\" data-settings=\"{&quot;background_background&quot;:&quot;classic&quot;}\">\n\t\t\t\t\t<div class=\"e-con-inner\">\n\t\t<div class=\"elementor-element elementor-element-a40fea0 e-con-full e-flex e-con e-child\" data-id=\"a40fea0\" data-element_type=\"container\" data-e-type=\"container\">\n\t\t\t\t<div class=\"elementor-element elementor-element-dc6f020 elementor-widget elementor-widget-text-editor\" data-id=\"dc6f020\" data-element_type=\"widget\" data-e-type=\"widget\" data-widget_type=\"text-editor.default\">\n\t\t\t\t<div class=\"elementor-widget-container\">\n\t\t\t\t\t\t\t\t\t<p><b>LAW ON INFORMATION SOCIETY SERVICES (LSSI)<br><\/b><span style=\"font-style: inherit;\"><b><br><\/b><span style=\"font-weight: inherit;\">GL\u00d2RIA FORNS RODRIGUEZ, responsible for the website, hereinafter the CONTROLLER, makes this document available to users, with which she intends to comply with the obligations set out in Law 34\/2002, of July 11, on Information Society Services and Electronic Commerce (LSSICE), BOE No. 166, as well as inform all users of the website about the conditions of use.<\/span><\/span><\/p>\n<p><span style=\"font-weight: 400;\">Any person accessing this website assumes the role of user, committing to the observance and strict compliance with the provisions set forth herein, as well as any other applicable legal provisions.<\/span><\/p>\n<p><span style=\"font-weight: 400;\">GL\u00d2RIA FORNS RODRIGUEZ reserves the right to modify any type of information that may appear on the website, without any obligation to give prior notice or inform users of such modifications, it being understood that publication on the GL\u00d2RIA FORNS RODRIGUEZ website is sufficient.<\/span><\/p>\n<ol>\n<li><b> IDENTIFYING DATA<\/b><\/li>\n<\/ol>\n<p><b>Domain name:<\/b><span style=\"font-weight: 400;\"> felizing.com\/<br><\/span><span style=\"font-style: inherit;\"><b>Trade name:<\/b> FELIZING<br><\/span><span style=\"font-style: inherit;\"><b>Company name:<\/b> GL\u00d2RIA FORNS RODRIGUEZ<br><\/span><span style=\"font-style: inherit;\"><b>NIF:<\/b> 77310944D<br><\/span><span style=\"font-style: inherit;\"><b>Registered office:<\/b><\/span><span style=\"font-style: inherit; font-weight: inherit;\"> C\/ Sant Raimon de Penyafort, 27, 08720 Vilafranca del Pened\u00e8s<br><\/span><span style=\"font-style: inherit;\"><b>Phone<\/b><\/span><span style=\"font-style: inherit; font-weight: inherit;\">: +34 655 52 72 82<br><\/span><span style=\"font-style: inherit;\"><b>E-mail<\/b><\/span><span style=\"font-style: inherit; font-weight: inherit;\">hello@felizing.com<\/span><\/p>\n<ol start=\"2\">\n<li><b> INTELLECTUAL AND INDUSTRIAL PROPERTY RIGHTS<\/b><\/li>\n<\/ol>\n<p><span style=\"font-weight: 400;\">The website, including but not limited to its programming, editing, compilation, and other elements necessary for its operation, as well as its designs, logos, text, and\/or graphics, are the property of the CONTROLLER or, where applicable, are used with the express license or authorization of their respective owners. All website content is duly protected by intellectual and industrial property regulations and is registered in the corresponding public registries.<\/span><\/p>\n<p><span style=\"font-weight: 400;\">Regardless of their intended purpose, the total or partial reproduction, use, exploitation, distribution, and commercialization of these materials requires prior written authorization from the OWNER. Any unauthorized use will be considered a serious infringement of the author&#039;s intellectual or industrial property rights.<\/span><\/p>\n<p><span style=\"font-weight: 400;\">Designs, logos, text, and\/or graphics belonging to third parties that may appear on the website belong to their respective owners, who are solely responsible for any disputes that may arise concerning them. The CONTROLLER expressly authorizes third parties to link directly to specific content on the website, and in any case, to link to the main website at felizing.com\/.<\/span><\/p>\n<p><span style=\"font-weight: 400;\">The CONTROLLER acknowledges the corresponding intellectual and industrial property rights of their owners, and their mere mention or appearance on the website does not imply the existence of any rights or responsibility over them, nor any endorsement, sponsorship or recommendation by the same.<\/span><\/p>\n<p><span style=\"font-weight: 400;\">To report any potential infringements of intellectual or industrial property rights, or any issues with the website&#039;s content, please contact us at hola@felizing.com.<\/span><\/p>\n<ol start=\"3\">\n<li><b> DISCLAIMER<\/b><\/li>\n<\/ol>\n<p><span style=\"font-weight: 400;\">The CONTROLLER disclaims any liability arising from the information published on its website provided that it has no actual knowledge that this information has been manipulated or introduced by a third party unrelated to it or, if it does have such knowledge, has acted diligently to remove the data or make access to it impossible.<\/span><\/p>\n<p><b>Use of Cookies<\/b><\/p>\n<p><span style=\"font-weight: 400;\">This website may use technical cookies (small information files that the server sends to the computer of the person accessing the page) to perform certain functions that are considered essential for the proper functioning and display of the site. The cookies used are, in all cases, temporary, with the sole purpose of making browsing more efficient, and they disappear when the user&#039;s session ends. Under no circumstances do these cookies themselves provide personal data, nor will they be used to collect such data.<\/span><\/p>\n<p><span style=\"font-weight: 400;\">Through the use of cookies, the server hosting the website can also recognize the user&#039;s browser to simplify navigation. For example, it allows previously registered users to access areas, services, promotions, or contests reserved exclusively for them without having to register on each visit. Cookies can also be used to measure audience size, traffic parameters, track progress and the number of visits, etc. In these cases, cookies are not technically essential but are beneficial to the user. This website will not install <\/span><i><span style=\"font-weight: 400;\">cookies<\/span><\/i><span style=\"font-weight: 400;\"> dispensable without the user&#039;s prior consent.<\/span><\/p>\n<p><span style=\"font-weight: 400;\">This website uses its own and third-party cookies for analytical purposes and to show you personalized advertising based on a profile created from your browsing habits (for example, pages visited). All users who visit the website are informed of the use of these cookies via a floating banner. If you accept their use, the banner will disappear, although you can revoke your consent and obtain more information at any time by consulting our Cookie Policy.<\/span><\/p>\n<p><span style=\"font-weight: 400;\">Users can configure their browser to be alerted when cookies are received and to prevent their installation on their computer. Please consult your browser&#039;s instructions for more information.<\/span><\/p>\n<p><b>Links policy<\/b><\/p>\n<p><span style=\"font-weight: 400;\">From this website, you may be redirected to content on third-party websites. Since the CONTROLLER cannot always control the content posted by third parties on their respective websites, it assumes no responsibility for such content. In any case, it will immediately remove any content that may violate national or international law, morality, or public order, and will immediately remove the redirection to said website, reporting the content in question to the appropriate authorities.<\/span><\/p>\n<p><span style=\"font-weight: 400;\">The CONTROLLER is not responsible for information and content stored, including but not limited to, forums, chats, blog generators, comments, social networks, or any other medium that allows third parties to independently publish content on the CONTROLLER&#039;s website. However, in compliance with Articles 11 and 16 of the LSSICE (Spanish Law on Information Society Services and Electronic Commerce), the CONTROLLER makes itself available to all users, authorities, and law enforcement agencies, actively collaborating in the removal or, where appropriate, blocking of any content that may affect or contravene national or international legislation, the rights of third parties, or public morals and order. If a user believes that any content on the website may fall into this category, they are requested to notify the website administrator immediately.<\/span><\/p>\n<p><span style=\"font-weight: 400;\">This website has been reviewed and tested to ensure it functions correctly. In principle, its proper functioning can be guaranteed 24 hours a day, 365 days a year. However, the website owner does not rule out the possibility of programming errors or unforeseen circumstances such as force majeure, natural disasters, strikes, or similar events that may prevent access to the website.<\/span><\/p>\n<p><b>IP Addresses<\/b><\/p>\n<p><span style=\"font-weight: 400;\">The website servers can automatically detect the IP address and domain name used by the user. An IP address is a number automatically assigned to a computer when it connects to the Internet. All this information is recorded in a duly registered server activity log, which allows for the subsequent processing of the data to obtain purely statistical measurements, such as the number of page views, the number of visits to the web servers, the order of visits, the point of access, etc.<\/span><\/p>\n<ol start=\"4\">\n<li><b> APPLICABLE LAW AND JURISDICTION<\/b><\/li>\n<\/ol>\n<p><span style=\"font-weight: 400;\">For the resolution of all disputes or issues related to this website or the activities carried out on it, Spanish legislation will apply, to which the parties expressly submit, and the Courts and Tribunals of the USER&#039;s domicile or the place of fulfillment of the obligation will be competent to resolve all conflicts arising from or related to its use.<\/span><\/p>\t\t\t\t\t\t\t\t<\/div>\n\t\t\t\t<\/div>\n\t\t\t\t<\/div>\n\t\t\t\t\t<\/div>\n\t\t\t\t<\/div>\n\t\t\t\t<\/div>","protected":false},"excerpt":{"rendered":"<p>LEY DE LOS SERVICIOS DE LA SOCIEDAD DE LA INFORMACI\u00d3N (LSSI)GL\u00d2RIA FORNS RODRIGUEZ, responsable del sitio web, en adelante RESPONSABLE, pone a disposici\u00f3n de los usuarios el presente documento, con el que pretende dar cumplimiento a las obligaciones dispuestas en la Ley 34\/2002, de 11 de julio, de Servicios de la Sociedad de la Informaci\u00f3n [&hellip;]<\/p>\n","protected":false},"author":1,"featured_media":0,"parent":0,"menu_order":0,"comment_status":"closed","ping_status":"closed","template":"","meta":{"site-sidebar-layout":"no-sidebar","site-content-layout":"page-builder","ast-site-content-layout":"full-width-container","site-content-style":"default","site-sidebar-style":"default","ast-global-header-display":"","ast-banner-title-visibility":"","ast-main-header-display":"","ast-hfb-above-header-display":"","ast-hfb-below-header-display":"","ast-hfb-mobile-header-display":"","site-post-title":"disabled","ast-breadcrumbs-content":"","ast-featured-img":"disabled","footer-sml-layout":"","ast-disable-related-posts":"","theme-transparent-header-meta":"","adv-header-id-meta":"","stick-header-meta":"","header-above-stick-meta":"","header-main-stick-meta":"","header-below-stick-meta":"","astra-migrate-meta-layouts":"set","ast-page-background-enabled":"default","ast-page-background-meta":{"desktop":{"background-color":"","background-image":"","background-repeat":"repeat","background-position":"center center","background-size":"auto","background-attachment":"scroll","background-type":"","background-media":"","overlay-type":"","overlay-color":"","overlay-opacity":"","overlay-gradient":""},"tablet":{"background-color":"","background-image":"","background-repeat":"repeat","background-position":"center center","background-size":"auto","background-attachment":"scroll","background-type":"","background-media":"","overlay-type":"","overlay-color":"","overlay-opacity":"","overlay-gradient":""},"mobile":{"background-color":"","background-image":"","background-repeat":"repeat","background-position":"center center","background-size":"auto","background-attachment":"scroll","background-type":"","background-media":"","overlay-type":"","overlay-color":"","overlay-opacity":"","overlay-gradient":""}},"ast-content-background-meta":{"desktop":{"background-color":"var(--ast-global-color-5)","background-image":"","background-repeat":"repeat","background-position":"center center","background-size":"auto","background-attachment":"scroll","background-type":"","background-media":"","overlay-type":"","overlay-color":"","overlay-opacity":"","overlay-gradient":""},"tablet":{"background-color":"var(--ast-global-color-5)","background-image":"","background-repeat":"repeat","background-position":"center center","background-size":"auto","background-attachment":"scroll","background-type":"","background-media":"","overlay-type":"","overlay-color":"","overlay-opacity":"","overlay-gradient":""},"mobile":{"background-color":"var(--ast-global-color-5)","background-image":"","background-repeat":"repeat","background-position":"center center","background-size":"auto","background-attachment":"scroll","background-type":"","background-media":"","overlay-type":"","overlay-color":"","overlay-opacity":"","overlay-gradient":""}},"footnotes":""},"class_list":["post-1285","page","type-page","status-publish","hentry"],"_links":{"self":[{"href":"https:\/\/felizing.com\/en\/wp-json\/wp\/v2\/pages\/1285","targetHints":{"allow":["GET"]}}],"collection":[{"href":"https:\/\/felizing.com\/en\/wp-json\/wp\/v2\/pages"}],"about":[{"href":"https:\/\/felizing.com\/en\/wp-json\/wp\/v2\/types\/page"}],"author":[{"embeddable":true,"href":"https:\/\/felizing.com\/en\/wp-json\/wp\/v2\/users\/1"}],"replies":[{"embeddable":true,"href":"https:\/\/felizing.com\/en\/wp-json\/wp\/v2\/comments?post=1285"}],"version-history":[{"count":25,"href":"https:\/\/felizing.com\/en\/wp-json\/wp\/v2\/pages\/1285\/revisions"}],"predecessor-version":[{"id":1869,"href":"https:\/\/felizing.com\/en\/wp-json\/wp\/v2\/pages\/1285\/revisions\/1869"}],"wp:attachment":[{"href":"https:\/\/felizing.com\/en\/wp-json\/wp\/v2\/media?parent=1285"}],"curies":[{"name":"wp","href":"https:\/\/api.w.org\/{rel}","templated":true}]}}