{"id":1305,"date":"2024-12-31T10:00:20","date_gmt":"2024-12-31T09:00:20","guid":{"rendered":"http:\/\/felizing.com\/?page_id=1305"},"modified":"2026-03-09T12:58:46","modified_gmt":"2026-03-09T11:58:46","slug":"politica-de-privadesa","status":"publish","type":"page","link":"https:\/\/felizing.com\/ca\/politica-de-privacidad\/","title":{"rendered":"Pol\u00edtica de privadesa"},"content":{"rendered":"<div data-elementor-type=\"wp-page\" data-elementor-id=\"1305\" class=\"elementor elementor-1305\" data-elementor-post-type=\"page\">\n\t\t\t\t<div class=\"elementor-element elementor-element-c13fcd9 e-flex e-con-boxed e-con e-parent\" data-id=\"c13fcd9\" data-element_type=\"container\" data-e-type=\"container\" data-settings=\"{&quot;background_background&quot;:&quot;classic&quot;}\">\n\t\t\t\t\t<div class=\"e-con-inner\">\n\t\t<div class=\"elementor-element elementor-element-b22d9ae e-con-full e-flex e-con e-child\" data-id=\"b22d9ae\" data-element_type=\"container\" data-e-type=\"container\">\n\t\t\t\t<div class=\"elementor-element elementor-element-a18858e elementor-widget elementor-widget-text-editor\" data-id=\"a18858e\" data-element_type=\"widget\" data-e-type=\"widget\" data-widget_type=\"text-editor.default\">\n\t\t\t\t<div class=\"elementor-widget-container\">\n\t\t\t\t\t\t\t\t\t<ol><li><b> INFORMACI\u00d3 A L&#039;USUARI<\/b><\/li><\/ol><p><b>Qui \u00e9s el responsable del tractament de les teves dades personals?<\/b><\/p><p><b>GL\u00d2RIA FORNS RODRIGUEZ<\/b><span style=\"font-weight: 400;\"> \u00e9s el RESPONSABLE del tractament de les dades personals de l&#039;USUARI i us informa que aquestes dades seran tractades de conformitat amb el que disposa el Reglament (UE) 2016\/679, de 27 d&#039;abril (RGPD), i la Llei Org\u00e0nica 3\/2018, de 5 de desembre (LOPDGDD).<\/span><\/p><p><b>Per qu\u00e8 tractem les teves dades personals i per qu\u00e8 ho fem?<\/b><\/p><p><span style=\"font-weight: 400;\">Segons el formulari on haguem obtingut les vostres dades personals, les tractarem de manera confidencial per assolir les seg\u00fcents finalitats:<\/span><\/p><p><span style=\"font-weight: 400;\">Al formulari <\/span><b>Contacte<\/b><\/p><ul><li style=\"font-weight: 400;\" aria-level=\"1\"><span style=\"font-weight: 400;\">Donar resposta a les consultes o qualsevol tipus de petici\u00f3 que sigui realitzada per l&#039;usuari a trav\u00e9s de qualsevol de les formes de contacte que es posen a la vostra disposici\u00f3 a la p\u00e0gina web del responsable.<\/span><span style=\"font-weight: 400;\"><br \/><\/span><span style=\"font-weight: 400;\">(<\/span><i><span style=\"font-weight: 400;\">per linter\u00e8s leg\u00edtim del responsable, art. 6.1.f GDPR<\/span><\/i><span style=\"font-weight: 400;\">)<\/span><\/li><li style=\"font-weight: 400;\" aria-level=\"1\"><span style=\"font-weight: 400;\">Realitzar an\u00e0lisis estad\u00edstiques i estudis de mercat.<\/span><span style=\"font-weight: 400;\"><br \/><\/span><span style=\"font-weight: 400;\">(<\/span><i><span style=\"font-weight: 400;\">per linter\u00e8s leg\u00edtim del responsable, art. 6.1.f GDPR<\/span><\/i><span style=\"font-weight: 400;\">)<\/span><\/li><\/ul><p>\u00a0<\/p><p><b>Durant quant de temps guardarem les teves dades personals?<\/b><\/p><p><span style=\"font-weight: 400;\">Es conservaran durant no m\u00e9s temps del necessari per mantenir la fi del tractament o hi hagi prescripcions legals que dictaminin la seva cust\u00f2dia i quan ja no sigui necessari per a aix\u00f2, se suprimiran amb mesures de seguretat adequades per garantir l&#039;anonimitzaci\u00f3 de les dades o la seva destrucci\u00f3 total.<\/span><\/p><p><b>A qui facilitem les teves dades personals?<\/b><\/p><p><span style=\"font-weight: 400;\">No est\u00e0 prevista cap comunicaci\u00f3 de dades personals a tercers excepte, si fos necessari per al desenvolupament i l&#039;execuci\u00f3 de les finalitats del tractament, als nostres prove\u00efdors de serveis relacionats amb comunicacions, amb els quals el RESPONSABLE t\u00e9 subscrits els contractes de confidencialitat i d&#039;encarregat de tractament exigits per la normativa vigent de privadesa.<\/span><\/p><p><b>Quins s\u00f3n els teus drets?<\/b><\/p><p><span style=\"font-weight: 400;\">Els drets que assisteixen a l&#039;USUARI s\u00f3n:<\/span><\/p><ul><li style=\"font-weight: 400;\" aria-level=\"1\"><span style=\"font-weight: 400;\">Dret a retirar el consentiment en qualsevol moment.<\/span><\/li><li style=\"font-weight: 400;\" aria-level=\"1\"><span style=\"font-weight: 400;\">Dret d&#039;acc\u00e9s, rectificaci\u00f3, portabilitat i supressi\u00f3 de les vostres dades, i de limitaci\u00f3 o oposici\u00f3 al tractament.<\/span><\/li><li style=\"font-weight: 400;\" aria-level=\"1\"><span style=\"font-weight: 400;\">Dret a presentar una reclamaci\u00f3 davant de l&#039;autoritat de control (www.aepd.es) si considera que el tractament no s&#039;ajusta a la normativa vigent.<\/span><\/li><\/ul><p><b>Dades de contacte per exercir els vostres drets<\/b><span style=\"font-weight: 400;\">:<\/span><\/p><p><span style=\"font-weight: 400;\">GL\u00d2RIA FORNS RODRIGUEZ. C\/ Sant Raimon de Penyafort, 27, \u2013 08720 Vilafranca del Pened\u00e8s (Barcelona). E-mail: hola@felizing.com<\/span><\/p><p>\u00a0<\/p><ol start=\"2\"><li><b> CAR\u00c0CTER OBLIGATORI O FACULTATIU DE LA INFORMACI\u00d3 FACILITADA PER L&#039;USUARI<\/b><\/li><\/ol><p><span style=\"font-weight: 400;\">Els USUARIS, mitjan\u00e7ant la marcaci\u00f3 de les caselles corresponents i l&#039;entrada de dades als camps, marcats amb un asterisc (*) al formulari de contacte o presentats en formularis de desc\u00e0rrega, accepten expressament i de forma lliure i inequ\u00edvoca, que les seves dades s\u00f3n necess\u00e0ries per atendre la seva petici\u00f3, per part del prestador, sent volunt\u00e0ria la inclusi\u00f3 de dades. L&#039;USUARI garanteix que les dades personals facilitades al RESPONSABLE s\u00f3n veraces i es fa responsable de comunicar-ne qualsevol modificaci\u00f3.<\/span><\/p><p><span style=\"font-weight: 400;\">El RESPONSABLE informa que totes les dades sol\u00b7licitades a trav\u00e9s del lloc web s\u00f3n obligat\u00f2ries, ja que s\u00f3n necess\u00e0ries per a la prestaci\u00f3 d&#039;un servei \u00f2ptim a l&#039;USUARI. En cas que no es facilitin totes les dades, no es garanteix que la informaci\u00f3 i els serveis facilitats siguin completament ajustats a les seves necessitats.<\/span><\/p><p>\u00a0<\/p><ol start=\"3\"><li><b> MESURES DE SEGURETAT<\/b><\/li><\/ol><p><span style=\"font-weight: 400;\">Que de conformitat amb el que disposen les normatives vigents en protecci\u00f3 de dades personals, el RESPONSABLE est\u00e0 complint amb totes les disposicions de les normatives RGPD i LOPDGDD per al tractament de les dades personals de la seva responsabilitat, i manifestament amb els principis descrits a l&#039;article 5 del RGPD, pels quals s\u00f3n tractats de manera l\u00edcita, pertinent i lleial i transparent amb els fins per als quals s\u00f3n tractats.<\/span><\/p><p><span style=\"font-weight: 400;\">El RESPONSABLE garanteix que ha implementat pol\u00edtiques t\u00e8cniques i organitzatives apropiades per aplicar les mesures de seguretat que estableixen el RGPD i la LOPDGDD per tal de protegir els drets i les llibertats dels USUARIS i els ha comunicat la informaci\u00f3 adequada perqu\u00e8 puguin exercir-los.<\/span><\/p><p><span style=\"font-weight: 400;\">Per a m\u00e9s informaci\u00f3 sobre les garanties de privadesa, pots adre\u00e7ar-te al RESPONSABLE a trav\u00e9s de GL\u00d2RIA FORNS RODRIGUEZ. C\/ Sant Raimon de Penyafort, 27, \u2013 08720 Vilafranca del Pened\u00e8s (Barcelona). E-mail: hola@felizing.com<\/span><\/p>\t\t\t\t\t\t\t\t<\/div>\n\t\t\t\t<\/div>\n\t\t\t\t<\/div>\n\t\t\t\t\t<\/div>\n\t\t\t\t<\/div>\n\t\t\t\t<\/div>","protected":false},"excerpt":{"rendered":"<p>INFORMACI\u00d3N AL USUARIO \u00bfQui\u00e9n es el responsable del tratamiento de tus datos personales? GL\u00d2RIA FORNS RODRIGUEZ es el RESPONSABLE del tratamiento de los datos personales del USUARIO y le informa de que estos datos ser\u00e1n tratados de conformidad con lo dispuesto en el Reglamento (UE) 2016\/679, de 27 de abril (RGPD), y la Ley Org\u00e1nica [&hellip;]<\/p>\n","protected":false},"author":1,"featured_media":0,"parent":0,"menu_order":0,"comment_status":"closed","ping_status":"closed","template":"","meta":{"site-sidebar-layout":"no-sidebar","site-content-layout":"page-builder","ast-site-content-layout":"full-width-container","site-content-style":"default","site-sidebar-style":"default","ast-global-header-display":"","ast-banner-title-visibility":"","ast-main-header-display":"","ast-hfb-above-header-display":"","ast-hfb-below-header-display":"","ast-hfb-mobile-header-display":"","site-post-title":"disabled","ast-breadcrumbs-content":"","ast-featured-img":"disabled","footer-sml-layout":"","ast-disable-related-posts":"","theme-transparent-header-meta":"","adv-header-id-meta":"","stick-header-meta":"","header-above-stick-meta":"","header-main-stick-meta":"","header-below-stick-meta":"","astra-migrate-meta-layouts":"set","ast-page-background-enabled":"default","ast-page-background-meta":{"desktop":{"background-color":"","background-image":"","background-repeat":"repeat","background-position":"center center","background-size":"auto","background-attachment":"scroll","background-type":"","background-media":"","overlay-type":"","overlay-color":"","overlay-opacity":"","overlay-gradient":""},"tablet":{"background-color":"","background-image":"","background-repeat":"repeat","background-position":"center center","background-size":"auto","background-attachment":"scroll","background-type":"","background-media":"","overlay-type":"","overlay-color":"","overlay-opacity":"","overlay-gradient":""},"mobile":{"background-color":"","background-image":"","background-repeat":"repeat","background-position":"center center","background-size":"auto","background-attachment":"scroll","background-type":"","background-media":"","overlay-type":"","overlay-color":"","overlay-opacity":"","overlay-gradient":""}},"ast-content-background-meta":{"desktop":{"background-color":"var(--ast-global-color-5)","background-image":"","background-repeat":"repeat","background-position":"center center","background-size":"auto","background-attachment":"scroll","background-type":"","background-media":"","overlay-type":"","overlay-color":"","overlay-opacity":"","overlay-gradient":""},"tablet":{"background-color":"var(--ast-global-color-5)","background-image":"","background-repeat":"repeat","background-position":"center center","background-size":"auto","background-attachment":"scroll","background-type":"","background-media":"","overlay-type":"","overlay-color":"","overlay-opacity":"","overlay-gradient":""},"mobile":{"background-color":"var(--ast-global-color-5)","background-image":"","background-repeat":"repeat","background-position":"center center","background-size":"auto","background-attachment":"scroll","background-type":"","background-media":"","overlay-type":"","overlay-color":"","overlay-opacity":"","overlay-gradient":""}},"footnotes":""},"class_list":["post-1305","page","type-page","status-publish","hentry"],"_links":{"self":[{"href":"https:\/\/felizing.com\/ca\/wp-json\/wp\/v2\/pages\/1305","targetHints":{"allow":["GET"]}}],"collection":[{"href":"https:\/\/felizing.com\/ca\/wp-json\/wp\/v2\/pages"}],"about":[{"href":"https:\/\/felizing.com\/ca\/wp-json\/wp\/v2\/types\/page"}],"author":[{"embeddable":true,"href":"https:\/\/felizing.com\/ca\/wp-json\/wp\/v2\/users\/1"}],"replies":[{"embeddable":true,"href":"https:\/\/felizing.com\/ca\/wp-json\/wp\/v2\/comments?post=1305"}],"version-history":[{"count":19,"href":"https:\/\/felizing.com\/ca\/wp-json\/wp\/v2\/pages\/1305\/revisions"}],"predecessor-version":[{"id":1857,"href":"https:\/\/felizing.com\/ca\/wp-json\/wp\/v2\/pages\/1305\/revisions\/1857"}],"wp:attachment":[{"href":"https:\/\/felizing.com\/ca\/wp-json\/wp\/v2\/media?parent=1305"}],"curies":[{"name":"wp","href":"https:\/\/api.w.org\/{rel}","templated":true}]}}